{"id":2223,"date":"2024-12-22T20:57:09","date_gmt":"2024-12-22T17:57:09","guid":{"rendered":"https:\/\/www.bbkaglobal.com\/?page_id=2223"},"modified":"2024-12-22T21:06:25","modified_gmt":"2024-12-22T18:06:25","slug":"umbrella-parasol","status":"publish","type":"page","link":"https:\/\/www.bbkaglobal.com\/index.php\/umbrella-parasol\/","title":{"rendered":"Umbrella &#8211; Parasol"},"content":{"rendered":"<div class=\"wpb-content-wrapper\"><p>[vc_row][vc_column]<div class=\"woocommerce columns-4 \"><div class=\"products row columns-4\"><div class=\"col-md-3 col-sm-6 col-xs-6 tm-no-options product type-product post-2268 status-publish first instock product_cat-umbrella has-post-thumbnail shipping-taxable product-type-simple\">\n\t\t\t<div class=\"product-thumb\">\n\t\t\t<a href=\"https:\/\/www.bbkaglobal.com\/index.php\/urun\/avocado-classic-circular-umbrella\/\">\n\t\t\t\t<img loading=\"lazy\" decoding=\"async\" width=\"300\" height=\"300\" src=\"https:\/\/www.bbkaglobal.com\/wp-content\/uploads\/2024\/12\/3mt_Avokado_Ipli_Luks_Ayak_sacakli_Kirmizi03-300x300.jpeg\" class=\"attachment-woocommerce_thumbnail size-woocommerce_thumbnail\" alt=\"Avocado Classic Circular Umbrella\" srcset=\"https:\/\/www.bbkaglobal.com\/wp-content\/uploads\/2024\/12\/3mt_Avokado_Ipli_Luks_Ayak_sacakli_Kirmizi03-300x300.jpeg 300w, https:\/\/www.bbkaglobal.com\/wp-content\/uploads\/2024\/12\/3mt_Avokado_Ipli_Luks_Ayak_sacakli_Kirmizi03-1024x1024.jpeg 1024w, https:\/\/www.bbkaglobal.com\/wp-content\/uploads\/2024\/12\/3mt_Avokado_Ipli_Luks_Ayak_sacakli_Kirmizi03-150x150.jpeg 150w, https:\/\/www.bbkaglobal.com\/wp-content\/uploads\/2024\/12\/3mt_Avokado_Ipli_Luks_Ayak_sacakli_Kirmizi03-768x768.jpeg 768w, https:\/\/www.bbkaglobal.com\/wp-content\/uploads\/2024\/12\/3mt_Avokado_Ipli_Luks_Ayak_sacakli_Kirmizi03-1536x1536.jpeg 1536w, https:\/\/www.bbkaglobal.com\/wp-content\/uploads\/2024\/12\/3mt_Avokado_Ipli_Luks_Ayak_sacakli_Kirmizi03-2048x2048.jpeg 2048w, https:\/\/www.bbkaglobal.com\/wp-content\/uploads\/2024\/12\/3mt_Avokado_Ipli_Luks_Ayak_sacakli_Kirmizi03-600x600.jpeg 600w, https:\/\/www.bbkaglobal.com\/wp-content\/uploads\/2024\/12\/3mt_Avokado_Ipli_Luks_Ayak_sacakli_Kirmizi03-100x100.jpeg 100w\" sizes=\"auto, (max-width: 300px) 100vw, 300px\" title=\"3mt_Avokado_Ipli_Luks_Ayak_sacakl\u0131_K\u0131rm\u0131z\u013103\" \/>\t\t\t<\/a>\n\t\t<\/div>\n\t\t<div class=\"product-entry\">\n\t\t\t<h4 class=\"product-title\">\n\t\t\t\t<a href=\"https:\/\/www.bbkaglobal.com\/index.php\/urun\/avocado-classic-circular-umbrella\/\">\n\t\t\t\t\tAvocado Classic Circular Umbrella\t\t\t\t<\/a>\n\t\t\t<\/h4>\t\t\n\t\t\t\n\t\t<\/div>\n\n\t<a href=\"https:\/\/www.bbkaglobal.com\/index.php\/urun\/avocado-classic-circular-umbrella\/\" data-quantity=\"1\" class=\"button btn btn-line button product_type_simple\" data-product_id=\"2268\" data-product_sku=\"\" aria-label=\"&ldquo;Avocado Classic Circular Umbrella&rdquo; hakk\u0131nda daha fazla bilgi edinin\" rel=\"nofollow\" data-success_message=\"\">Devam\u0131n\u0131 oku<\/a> \n<\/div><div class=\"col-md-3 col-sm-6 col-xs-6 tm-no-options product type-product post-2274 status-publish instock product_cat-umbrella has-post-thumbnail shipping-taxable product-type-simple\">\n\t\t\t<div class=\"product-thumb\">\n\t\t\t<a href=\"https:\/\/www.bbkaglobal.com\/index.php\/urun\/avocado-classic-square-umbrella\/\">\n\t\t\t\t<img loading=\"lazy\" decoding=\"async\" width=\"300\" height=\"300\" src=\"https:\/\/www.bbkaglobal.com\/wp-content\/uploads\/2024\/12\/Acocado-Square-Classic-1-300x300.jpg\" class=\"attachment-woocommerce_thumbnail size-woocommerce_thumbnail\" alt=\"Avocado Classic Square Umbrella\" srcset=\"https:\/\/www.bbkaglobal.com\/wp-content\/uploads\/2024\/12\/Acocado-Square-Classic-1-300x300.jpg 300w, https:\/\/www.bbkaglobal.com\/wp-content\/uploads\/2024\/12\/Acocado-Square-Classic-1-150x150.jpg 150w, https:\/\/www.bbkaglobal.com\/wp-content\/uploads\/2024\/12\/Acocado-Square-Classic-1-100x100.jpg 100w\" sizes=\"auto, (max-width: 300px) 100vw, 300px\" title=\"Acocado Square Classic 1\" \/>\t\t\t<\/a>\n\t\t<\/div>\n\t\t<div class=\"product-entry\">\n\t\t\t<h4 class=\"product-title\">\n\t\t\t\t<a href=\"https:\/\/www.bbkaglobal.com\/index.php\/urun\/avocado-classic-square-umbrella\/\">\n\t\t\t\t\tAvocado Classic Square Umbrella\t\t\t\t<\/a>\n\t\t\t<\/h4>\t\t\n\t\t\t\n\t\t<\/div>\n\n\t<a href=\"https:\/\/www.bbkaglobal.com\/index.php\/urun\/avocado-classic-square-umbrella\/\" data-quantity=\"1\" class=\"button btn btn-line button product_type_simple\" data-product_id=\"2274\" data-product_sku=\"\" aria-label=\"&ldquo;Avocado Classic Square Umbrella&rdquo; hakk\u0131nda daha fazla bilgi edinin\" rel=\"nofollow\" data-success_message=\"\">Devam\u0131n\u0131 oku<\/a> \n<\/div><div class=\"col-md-3 col-sm-6 col-xs-6 tm-no-options product type-product post-2279 status-publish instock product_cat-umbrella has-post-thumbnail shipping-taxable product-type-simple\">\n\t\t\t<div class=\"product-thumb\">\n\t\t\t<a href=\"https:\/\/www.bbkaglobal.com\/index.php\/urun\/avocado-clips-umbrella\/\">\n\t\t\t\t<img loading=\"lazy\" decoding=\"async\" width=\"300\" height=\"300\" src=\"https:\/\/www.bbkaglobal.com\/wp-content\/uploads\/2024\/12\/3x3_Avokado_Klips_Luks_Ayak_sacaksiz_kirmizi02-300x300.jpeg\" class=\"attachment-woocommerce_thumbnail size-woocommerce_thumbnail\" alt=\"Avocado Clips Umbrella\" srcset=\"https:\/\/www.bbkaglobal.com\/wp-content\/uploads\/2024\/12\/3x3_Avokado_Klips_Luks_Ayak_sacaksiz_kirmizi02-300x300.jpeg 300w, https:\/\/www.bbkaglobal.com\/wp-content\/uploads\/2024\/12\/3x3_Avokado_Klips_Luks_Ayak_sacaksiz_kirmizi02-1024x1024.jpeg 1024w, https:\/\/www.bbkaglobal.com\/wp-content\/uploads\/2024\/12\/3x3_Avokado_Klips_Luks_Ayak_sacaksiz_kirmizi02-150x150.jpeg 150w, https:\/\/www.bbkaglobal.com\/wp-content\/uploads\/2024\/12\/3x3_Avokado_Klips_Luks_Ayak_sacaksiz_kirmizi02-768x768.jpeg 768w, https:\/\/www.bbkaglobal.com\/wp-content\/uploads\/2024\/12\/3x3_Avokado_Klips_Luks_Ayak_sacaksiz_kirmizi02-1536x1536.jpeg 1536w, https:\/\/www.bbkaglobal.com\/wp-content\/uploads\/2024\/12\/3x3_Avokado_Klips_Luks_Ayak_sacaksiz_kirmizi02-2048x2048.jpeg 2048w, https:\/\/www.bbkaglobal.com\/wp-content\/uploads\/2024\/12\/3x3_Avokado_Klips_Luks_Ayak_sacaksiz_kirmizi02-600x600.jpeg 600w, https:\/\/www.bbkaglobal.com\/wp-content\/uploads\/2024\/12\/3x3_Avokado_Klips_Luks_Ayak_sacaksiz_kirmizi02-100x100.jpeg 100w\" sizes=\"auto, (max-width: 300px) 100vw, 300px\" title=\"3x3_Avokado_Klips_Luks_Ayak_sacaks\u0131z_k\u0131rm\u0131z\u013102\" \/>\t\t\t<\/a>\n\t\t<\/div>\n\t\t<div class=\"product-entry\">\n\t\t\t<h4 class=\"product-title\">\n\t\t\t\t<a href=\"https:\/\/www.bbkaglobal.com\/index.php\/urun\/avocado-clips-umbrella\/\">\n\t\t\t\t\tAvocado Clips Umbrella\t\t\t\t<\/a>\n\t\t\t<\/h4>\t\t\n\t\t\t\n\t\t<\/div>\n\n\t<a href=\"https:\/\/www.bbkaglobal.com\/index.php\/urun\/avocado-clips-umbrella\/\" data-quantity=\"1\" class=\"button btn btn-line button product_type_simple\" data-product_id=\"2279\" data-product_sku=\"\" aria-label=\"&ldquo;Avocado Clips Umbrella&rdquo; hakk\u0131nda daha fazla bilgi edinin\" rel=\"nofollow\" data-success_message=\"\">Devam\u0131n\u0131 oku<\/a> \n<\/div><div class=\"col-md-3 col-sm-6 col-xs-6 tm-no-options product type-product post-2286 status-publish last instock product_cat-umbrella has-post-thumbnail shipping-taxable product-type-simple\">\n\t\t\t<div class=\"product-thumb\">\n\t\t\t<a href=\"https:\/\/www.bbkaglobal.com\/index.php\/urun\/avocado-lux-clips-umbrella\/\">\n\t\t\t\t<img loading=\"lazy\" decoding=\"async\" width=\"300\" height=\"300\" src=\"https:\/\/www.bbkaglobal.com\/wp-content\/uploads\/2024\/12\/tersavokado_kirmizi01-300x300.jpeg\" class=\"attachment-woocommerce_thumbnail size-woocommerce_thumbnail\" alt=\"Avocado Lux Clips Umbrella\" srcset=\"https:\/\/www.bbkaglobal.com\/wp-content\/uploads\/2024\/12\/tersavokado_kirmizi01-300x300.jpeg 300w, https:\/\/www.bbkaglobal.com\/wp-content\/uploads\/2024\/12\/tersavokado_kirmizi01-1024x1024.jpeg 1024w, https:\/\/www.bbkaglobal.com\/wp-content\/uploads\/2024\/12\/tersavokado_kirmizi01-150x150.jpeg 150w, https:\/\/www.bbkaglobal.com\/wp-content\/uploads\/2024\/12\/tersavokado_kirmizi01-768x768.jpeg 768w, https:\/\/www.bbkaglobal.com\/wp-content\/uploads\/2024\/12\/tersavokado_kirmizi01-1536x1536.jpeg 1536w, https:\/\/www.bbkaglobal.com\/wp-content\/uploads\/2024\/12\/tersavokado_kirmizi01-2048x2048.jpeg 2048w, https:\/\/www.bbkaglobal.com\/wp-content\/uploads\/2024\/12\/tersavokado_kirmizi01-600x600.jpeg 600w, https:\/\/www.bbkaglobal.com\/wp-content\/uploads\/2024\/12\/tersavokado_kirmizi01-100x100.jpeg 100w\" sizes=\"auto, (max-width: 300px) 100vw, 300px\" title=\"tersavokado_k\u0131rm\u0131z\u013101\" \/>\t\t\t<\/a>\n\t\t<\/div>\n\t\t<div class=\"product-entry\">\n\t\t\t<h4 class=\"product-title\">\n\t\t\t\t<a href=\"https:\/\/www.bbkaglobal.com\/index.php\/urun\/avocado-lux-clips-umbrella\/\">\n\t\t\t\t\tAvocado Lux Clips Umbrella\t\t\t\t<\/a>\n\t\t\t<\/h4>\t\t\n\t\t\t\n\t\t<\/div>\n\n\t<a href=\"https:\/\/www.bbkaglobal.com\/index.php\/urun\/avocado-lux-clips-umbrella\/\" data-quantity=\"1\" class=\"button btn btn-line button product_type_simple\" data-product_id=\"2286\" data-product_sku=\"\" aria-label=\"&ldquo;Avocado Lux Clips Umbrella&rdquo; hakk\u0131nda daha fazla bilgi edinin\" rel=\"nofollow\" data-success_message=\"\">Devam\u0131n\u0131 oku<\/a> \n<\/div><div class=\"col-md-3 col-sm-6 col-xs-6 tm-no-options product type-product post-2254 status-publish first instock product_cat-umbrella has-post-thumbnail shipping-taxable product-type-simple\">\n\t\t\t<div class=\"product-thumb\">\n\t\t\t<a href=\"https:\/\/www.bbkaglobal.com\/index.php\/urun\/banana-classic-umbrella\/\">\n\t\t\t\t<img loading=\"lazy\" decoding=\"async\" width=\"300\" height=\"300\" src=\"https:\/\/www.bbkaglobal.com\/wp-content\/uploads\/2024\/05\/Banana-Classic-3-300x300.jpeg\" class=\"attachment-woocommerce_thumbnail size-woocommerce_thumbnail\" alt=\"Banana Classic Umbrella\" srcset=\"https:\/\/www.bbkaglobal.com\/wp-content\/uploads\/2024\/05\/Banana-Classic-3-300x300.jpeg 300w, https:\/\/www.bbkaglobal.com\/wp-content\/uploads\/2024\/05\/Banana-Classic-3-1024x1024.jpeg 1024w, https:\/\/www.bbkaglobal.com\/wp-content\/uploads\/2024\/05\/Banana-Classic-3-150x150.jpeg 150w, https:\/\/www.bbkaglobal.com\/wp-content\/uploads\/2024\/05\/Banana-Classic-3-768x768.jpeg 768w, https:\/\/www.bbkaglobal.com\/wp-content\/uploads\/2024\/05\/Banana-Classic-3-1536x1536.jpeg 1536w, https:\/\/www.bbkaglobal.com\/wp-content\/uploads\/2024\/05\/Banana-Classic-3-2048x2048.jpeg 2048w, https:\/\/www.bbkaglobal.com\/wp-content\/uploads\/2024\/05\/Banana-Classic-3-600x600.jpeg 600w, https:\/\/www.bbkaglobal.com\/wp-content\/uploads\/2024\/05\/Banana-Classic-3-100x100.jpeg 100w\" sizes=\"auto, (max-width: 300px) 100vw, 300px\" title=\"Banana Classic 3\" \/>\t\t\t<\/a>\n\t\t<\/div>\n\t\t<div class=\"product-entry\">\n\t\t\t<h4 class=\"product-title\">\n\t\t\t\t<a href=\"https:\/\/www.bbkaglobal.com\/index.php\/urun\/banana-classic-umbrella\/\">\n\t\t\t\t\tBanana Classic Umbrella\t\t\t\t<\/a>\n\t\t\t<\/h4>\t\t\n\t\t\t\n\t\t<\/div>\n\n\t<a href=\"https:\/\/www.bbkaglobal.com\/index.php\/urun\/banana-classic-umbrella\/\" data-quantity=\"1\" class=\"button btn btn-line button product_type_simple\" data-product_id=\"2254\" data-product_sku=\"\" aria-label=\"&ldquo;Banana Classic Umbrella&rdquo; hakk\u0131nda daha fazla bilgi edinin\" rel=\"nofollow\" data-success_message=\"\">Devam\u0131n\u0131 oku<\/a> \n<\/div><div class=\"col-md-3 col-sm-6 col-xs-6 tm-no-options product type-product post-2263 status-publish instock product_cat-umbrella has-post-thumbnail shipping-taxable product-type-simple\">\n\t\t\t<div class=\"product-thumb\">\n\t\t\t<a href=\"https:\/\/www.bbkaglobal.com\/index.php\/urun\/banana-plus-double-umbrella\/\">\n\t\t\t\t<img loading=\"lazy\" decoding=\"async\" width=\"300\" height=\"300\" src=\"https:\/\/www.bbkaglobal.com\/wp-content\/uploads\/2024\/05\/Banana-Plus-Double-2-300x300.jpeg\" class=\"attachment-woocommerce_thumbnail size-woocommerce_thumbnail\" alt=\"Banana Plus Double Umbrella\" srcset=\"https:\/\/www.bbkaglobal.com\/wp-content\/uploads\/2024\/05\/Banana-Plus-Double-2-300x300.jpeg 300w, https:\/\/www.bbkaglobal.com\/wp-content\/uploads\/2024\/05\/Banana-Plus-Double-2-1024x1024.jpeg 1024w, https:\/\/www.bbkaglobal.com\/wp-content\/uploads\/2024\/05\/Banana-Plus-Double-2-150x150.jpeg 150w, https:\/\/www.bbkaglobal.com\/wp-content\/uploads\/2024\/05\/Banana-Plus-Double-2-768x768.jpeg 768w, https:\/\/www.bbkaglobal.com\/wp-content\/uploads\/2024\/05\/Banana-Plus-Double-2-1536x1536.jpeg 1536w, https:\/\/www.bbkaglobal.com\/wp-content\/uploads\/2024\/05\/Banana-Plus-Double-2-2048x2048.jpeg 2048w, https:\/\/www.bbkaglobal.com\/wp-content\/uploads\/2024\/05\/Banana-Plus-Double-2-600x600.jpeg 600w, https:\/\/www.bbkaglobal.com\/wp-content\/uploads\/2024\/05\/Banana-Plus-Double-2-100x100.jpeg 100w\" sizes=\"auto, (max-width: 300px) 100vw, 300px\" title=\"Banana Plus Double 2\" \/>\t\t\t<\/a>\n\t\t<\/div>\n\t\t<div class=\"product-entry\">\n\t\t\t<h4 class=\"product-title\">\n\t\t\t\t<a href=\"https:\/\/www.bbkaglobal.com\/index.php\/urun\/banana-plus-double-umbrella\/\">\n\t\t\t\t\tBanana Plus Double Umbrella\t\t\t\t<\/a>\n\t\t\t<\/h4>\t\t\n\t\t\t\n\t\t<\/div>\n\n\t<a href=\"https:\/\/www.bbkaglobal.com\/index.php\/urun\/banana-plus-double-umbrella\/\" data-quantity=\"1\" class=\"button btn btn-line button product_type_simple\" data-product_id=\"2263\" data-product_sku=\"\" aria-label=\"&ldquo;Banana Plus Double Umbrella&rdquo; hakk\u0131nda daha fazla bilgi edinin\" rel=\"nofollow\" data-success_message=\"\">Devam\u0131n\u0131 oku<\/a> \n<\/div><div class=\"col-md-3 col-sm-6 col-xs-6 tm-no-options product type-product post-2207 status-publish instock product_cat-umbrella has-post-thumbnail shipping-taxable product-type-simple\">\n\t\t\t<div class=\"product-thumb\">\n\t\t\t<a href=\"https:\/\/www.bbkaglobal.com\/index.php\/urun\/https-www-bbkaglobal-com-index-php-test\/\">\n\t\t\t\t<img loading=\"lazy\" decoding=\"async\" width=\"300\" height=\"300\" src=\"https:\/\/www.bbkaglobal.com\/wp-content\/uploads\/2024\/05\/Banana-Plus-1-1-300x300.jpg\" class=\"attachment-woocommerce_thumbnail size-woocommerce_thumbnail\" alt=\"Banana Plus Umbrella\" srcset=\"https:\/\/www.bbkaglobal.com\/wp-content\/uploads\/2024\/05\/Banana-Plus-1-1-300x300.jpg 300w, https:\/\/www.bbkaglobal.com\/wp-content\/uploads\/2024\/05\/Banana-Plus-1-1-150x150.jpg 150w, https:\/\/www.bbkaglobal.com\/wp-content\/uploads\/2024\/05\/Banana-Plus-1-1-100x100.jpg 100w\" sizes=\"auto, (max-width: 300px) 100vw, 300px\" title=\"Banana Plus 1\" \/>\t\t\t<\/a>\n\t\t<\/div>\n\t\t<div class=\"product-entry\">\n\t\t\t<h4 class=\"product-title\">\n\t\t\t\t<a href=\"https:\/\/www.bbkaglobal.com\/index.php\/urun\/https-www-bbkaglobal-com-index-php-test\/\">\n\t\t\t\t\tBanana Plus Umbrella\t\t\t\t<\/a>\n\t\t\t<\/h4>\t\t\n\t\t\t\n\t\t<\/div>\n\n\t<a href=\"https:\/\/www.bbkaglobal.com\/index.php\/urun\/https-www-bbkaglobal-com-index-php-test\/\" data-quantity=\"1\" class=\"button btn btn-line button product_type_simple\" data-product_id=\"2207\" data-product_sku=\"\" aria-label=\"&ldquo;Banana Plus Umbrella&rdquo; hakk\u0131nda daha fazla bilgi edinin\" rel=\"nofollow\" data-success_message=\"\">Devam\u0131n\u0131 oku<\/a> \n<\/div><div class=\"col-md-3 col-sm-6 col-xs-6 tm-no-options product type-product post-2255 status-publish last instock product_cat-umbrella has-post-thumbnail shipping-taxable product-type-simple\">\n\t\t\t<div class=\"product-thumb\">\n\t\t\t<a href=\"https:\/\/www.bbkaglobal.com\/index.php\/urun\/banana-t-model-double-umbrella\/\">\n\t\t\t\t<img loading=\"lazy\" decoding=\"async\" width=\"300\" height=\"300\" src=\"https:\/\/www.bbkaglobal.com\/wp-content\/uploads\/2024\/12\/T_Model_3x3_Bannana_Cift_Acilir_Antresit_sacakli02-300x300.jpeg\" class=\"attachment-woocommerce_thumbnail size-woocommerce_thumbnail\" alt=\"Banana-T Model Double Umbrella\" srcset=\"https:\/\/www.bbkaglobal.com\/wp-content\/uploads\/2024\/12\/T_Model_3x3_Bannana_Cift_Acilir_Antresit_sacakli02-300x300.jpeg 300w, https:\/\/www.bbkaglobal.com\/wp-content\/uploads\/2024\/12\/T_Model_3x3_Bannana_Cift_Acilir_Antresit_sacakli02-1024x1024.jpeg 1024w, https:\/\/www.bbkaglobal.com\/wp-content\/uploads\/2024\/12\/T_Model_3x3_Bannana_Cift_Acilir_Antresit_sacakli02-150x150.jpeg 150w, https:\/\/www.bbkaglobal.com\/wp-content\/uploads\/2024\/12\/T_Model_3x3_Bannana_Cift_Acilir_Antresit_sacakli02-768x768.jpeg 768w, https:\/\/www.bbkaglobal.com\/wp-content\/uploads\/2024\/12\/T_Model_3x3_Bannana_Cift_Acilir_Antresit_sacakli02-1536x1536.jpeg 1536w, https:\/\/www.bbkaglobal.com\/wp-content\/uploads\/2024\/12\/T_Model_3x3_Bannana_Cift_Acilir_Antresit_sacakli02-2048x2048.jpeg 2048w, https:\/\/www.bbkaglobal.com\/wp-content\/uploads\/2024\/12\/T_Model_3x3_Bannana_Cift_Acilir_Antresit_sacakli02-600x600.jpeg 600w, https:\/\/www.bbkaglobal.com\/wp-content\/uploads\/2024\/12\/T_Model_3x3_Bannana_Cift_Acilir_Antresit_sacakli02-100x100.jpeg 100w\" sizes=\"auto, (max-width: 300px) 100vw, 300px\" title=\"T_Model_3x3_Bannana_Cift_Acilir_Antresit_sacakl\u013102\" \/>\t\t\t<\/a>\n\t\t<\/div>\n\t\t<div class=\"product-entry\">\n\t\t\t<h4 class=\"product-title\">\n\t\t\t\t<a href=\"https:\/\/www.bbkaglobal.com\/index.php\/urun\/banana-t-model-double-umbrella\/\">\n\t\t\t\t\tBanana-T Model Double Umbrella\t\t\t\t<\/a>\n\t\t\t<\/h4>\t\t\n\t\t\t\n\t\t<\/div>\n\n\t<a href=\"https:\/\/www.bbkaglobal.com\/index.php\/urun\/banana-t-model-double-umbrella\/\" data-quantity=\"1\" class=\"button btn btn-line button product_type_simple\" data-product_id=\"2255\" data-product_sku=\"\" aria-label=\"&ldquo;Banana-T Model Double Umbrella&rdquo; hakk\u0131nda daha fazla bilgi edinin\" rel=\"nofollow\" data-success_message=\"\">Devam\u0131n\u0131 oku<\/a> \n<\/div><div class=\"col-md-3 col-sm-6 col-xs-6 tm-no-options product type-product post-2291 status-publish first instock product_cat-umbrella has-post-thumbnail shipping-taxable product-type-simple\">\n\t\t\t<div class=\"product-thumb\">\n\t\t\t<a href=\"https:\/\/www.bbkaglobal.com\/index.php\/urun\/kiwi-classic-umbrella\/\">\n\t\t\t\t<img loading=\"lazy\" decoding=\"async\" width=\"300\" height=\"300\" src=\"https:\/\/www.bbkaglobal.com\/wp-content\/uploads\/2024\/12\/2.5Kiwi_klips_50kg_Beton_Ayakli_sacakli_kirmizi03-300x300.jpeg\" class=\"attachment-woocommerce_thumbnail size-woocommerce_thumbnail\" alt=\"Kiwi Classic Umbrella\" srcset=\"https:\/\/www.bbkaglobal.com\/wp-content\/uploads\/2024\/12\/2.5Kiwi_klips_50kg_Beton_Ayakli_sacakli_kirmizi03-300x300.jpeg 300w, https:\/\/www.bbkaglobal.com\/wp-content\/uploads\/2024\/12\/2.5Kiwi_klips_50kg_Beton_Ayakli_sacakli_kirmizi03-1024x1024.jpeg 1024w, https:\/\/www.bbkaglobal.com\/wp-content\/uploads\/2024\/12\/2.5Kiwi_klips_50kg_Beton_Ayakli_sacakli_kirmizi03-150x150.jpeg 150w, https:\/\/www.bbkaglobal.com\/wp-content\/uploads\/2024\/12\/2.5Kiwi_klips_50kg_Beton_Ayakli_sacakli_kirmizi03-768x768.jpeg 768w, https:\/\/www.bbkaglobal.com\/wp-content\/uploads\/2024\/12\/2.5Kiwi_klips_50kg_Beton_Ayakli_sacakli_kirmizi03-1536x1536.jpeg 1536w, https:\/\/www.bbkaglobal.com\/wp-content\/uploads\/2024\/12\/2.5Kiwi_klips_50kg_Beton_Ayakli_sacakli_kirmizi03-2048x2048.jpeg 2048w, https:\/\/www.bbkaglobal.com\/wp-content\/uploads\/2024\/12\/2.5Kiwi_klips_50kg_Beton_Ayakli_sacakli_kirmizi03-600x600.jpeg 600w, https:\/\/www.bbkaglobal.com\/wp-content\/uploads\/2024\/12\/2.5Kiwi_klips_50kg_Beton_Ayakli_sacakli_kirmizi03-100x100.jpeg 100w\" sizes=\"auto, (max-width: 300px) 100vw, 300px\" title=\"2.5Kiwi_klips_50kg_Beton_Ayakli_sacakli_k\u0131rm\u0131z\u013103\" \/>\t\t\t<\/a>\n\t\t<\/div>\n\t\t<div class=\"product-entry\">\n\t\t\t<h4 class=\"product-title\">\n\t\t\t\t<a href=\"https:\/\/www.bbkaglobal.com\/index.php\/urun\/kiwi-classic-umbrella\/\">\n\t\t\t\t\tKiwi Classic Umbrella\t\t\t\t<\/a>\n\t\t\t<\/h4>\t\t\n\t\t\t\n\t\t<\/div>\n\n\t<a href=\"https:\/\/www.bbkaglobal.com\/index.php\/urun\/kiwi-classic-umbrella\/\" data-quantity=\"1\" class=\"button btn btn-line button product_type_simple\" data-product_id=\"2291\" data-product_sku=\"\" aria-label=\"&ldquo;Kiwi Classic Umbrella&rdquo; hakk\u0131nda daha fazla bilgi edinin\" rel=\"nofollow\" data-success_message=\"\">Devam\u0131n\u0131 oku<\/a> \n<\/div><div class=\"col-md-3 col-sm-6 col-xs-6 tm-no-options product type-product post-2247 status-publish instock product_cat-umbrella has-post-thumbnail shipping-taxable product-type-simple\">\n\t\t\t<div class=\"product-thumb\">\n\t\t\t<a href=\"https:\/\/www.bbkaglobal.com\/index.php\/urun\/manual-lux-telescopic-umbrella\/\">\n\t\t\t\t<img loading=\"lazy\" decoding=\"async\" width=\"300\" height=\"300\" src=\"https:\/\/www.bbkaglobal.com\/wp-content\/uploads\/2024\/12\/IMGL1915-300x300.jpg\" class=\"attachment-woocommerce_thumbnail size-woocommerce_thumbnail\" alt=\"Manual Lux Telescopic Umbrella\" srcset=\"https:\/\/www.bbkaglobal.com\/wp-content\/uploads\/2024\/12\/IMGL1915-300x300.jpg 300w, https:\/\/www.bbkaglobal.com\/wp-content\/uploads\/2024\/12\/IMGL1915-150x150.jpg 150w, https:\/\/www.bbkaglobal.com\/wp-content\/uploads\/2024\/12\/IMGL1915-100x100.jpg 100w\" sizes=\"auto, (max-width: 300px) 100vw, 300px\" title=\"IMGL1915\" \/>\t\t\t<\/a>\n\t\t<\/div>\n\t\t<div class=\"product-entry\">\n\t\t\t<h4 class=\"product-title\">\n\t\t\t\t<a href=\"https:\/\/www.bbkaglobal.com\/index.php\/urun\/manual-lux-telescopic-umbrella\/\">\n\t\t\t\t\tManual Lux Telescopic Umbrella\t\t\t\t<\/a>\n\t\t\t<\/h4>\t\t\n\t\t\t\n\t\t<\/div>\n\n\t<a href=\"https:\/\/www.bbkaglobal.com\/index.php\/urun\/manual-lux-telescopic-umbrella\/\" data-quantity=\"1\" class=\"button btn btn-line button product_type_simple\" data-product_id=\"2247\" data-product_sku=\"\" aria-label=\"&ldquo;Manual Lux Telescopic Umbrella&rdquo; hakk\u0131nda daha fazla bilgi edinin\" rel=\"nofollow\" data-success_message=\"\">Devam\u0131n\u0131 oku<\/a> \n<\/div><div class=\"col-md-3 col-sm-6 col-xs-6 tm-no-options product type-product post-2222 status-publish instock product_cat-umbrella has-post-thumbnail shipping-taxable product-type-simple\">\n\t\t\t<div class=\"product-thumb\">\n\t\t\t<a href=\"https:\/\/www.bbkaglobal.com\/index.php\/urun\/mega-manuel-telescopic-umbrella\/\">\n\t\t\t\t<img loading=\"lazy\" decoding=\"async\" width=\"300\" height=\"300\" src=\"https:\/\/www.bbkaglobal.com\/wp-content\/uploads\/2024\/12\/IMGL1616-300x300.jpg\" class=\"attachment-woocommerce_thumbnail size-woocommerce_thumbnail\" alt=\"Mega Manuel Telescopic Umbrella\" srcset=\"https:\/\/www.bbkaglobal.com\/wp-content\/uploads\/2024\/12\/IMGL1616-300x300.jpg 300w, https:\/\/www.bbkaglobal.com\/wp-content\/uploads\/2024\/12\/IMGL1616-150x150.jpg 150w, https:\/\/www.bbkaglobal.com\/wp-content\/uploads\/2024\/12\/IMGL1616-100x100.jpg 100w\" sizes=\"auto, (max-width: 300px) 100vw, 300px\" title=\"IMGL1616\" \/>\t\t\t<\/a>\n\t\t<\/div>\n\t\t<div class=\"product-entry\">\n\t\t\t<h4 class=\"product-title\">\n\t\t\t\t<a href=\"https:\/\/www.bbkaglobal.com\/index.php\/urun\/mega-manuel-telescopic-umbrella\/\">\n\t\t\t\t\tMega Manuel Telescopic Umbrella\t\t\t\t<\/a>\n\t\t\t<\/h4>\t\t\n\t\t\t\n\t\t<\/div>\n\n\t<a href=\"https:\/\/www.bbkaglobal.com\/index.php\/urun\/mega-manuel-telescopic-umbrella\/\" data-quantity=\"1\" class=\"button btn btn-line button product_type_simple\" data-product_id=\"2222\" data-product_sku=\"\" aria-label=\"&ldquo;Mega Manuel Telescopic Umbrella&rdquo; hakk\u0131nda daha fazla bilgi edinin\" rel=\"nofollow\" data-success_message=\"\">Devam\u0131n\u0131 oku<\/a> \n<\/div><div class=\"col-md-3 col-sm-6 col-xs-6 tm-no-options product type-product post-2258 status-publish last instock product_cat-umbrella has-post-thumbnail shipping-taxable product-type-simple\">\n\t\t\t<div class=\"product-thumb\">\n\t\t\t<a href=\"https:\/\/www.bbkaglobal.com\/index.php\/urun\/quadro-umbrella\/\">\n\t\t\t\t<img loading=\"lazy\" decoding=\"async\" width=\"300\" height=\"300\" src=\"https:\/\/www.bbkaglobal.com\/wp-content\/uploads\/2024\/12\/banana4lu_sacaksiz_antresit03-300x300.jpeg\" class=\"attachment-woocommerce_thumbnail size-woocommerce_thumbnail\" alt=\"Quadro Umbrella\" srcset=\"https:\/\/www.bbkaglobal.com\/wp-content\/uploads\/2024\/12\/banana4lu_sacaksiz_antresit03-300x300.jpeg 300w, https:\/\/www.bbkaglobal.com\/wp-content\/uploads\/2024\/12\/banana4lu_sacaksiz_antresit03-1024x1024.jpeg 1024w, https:\/\/www.bbkaglobal.com\/wp-content\/uploads\/2024\/12\/banana4lu_sacaksiz_antresit03-150x150.jpeg 150w, https:\/\/www.bbkaglobal.com\/wp-content\/uploads\/2024\/12\/banana4lu_sacaksiz_antresit03-768x768.jpeg 768w, https:\/\/www.bbkaglobal.com\/wp-content\/uploads\/2024\/12\/banana4lu_sacaksiz_antresit03-1536x1536.jpeg 1536w, https:\/\/www.bbkaglobal.com\/wp-content\/uploads\/2024\/12\/banana4lu_sacaksiz_antresit03-2048x2048.jpeg 2048w, https:\/\/www.bbkaglobal.com\/wp-content\/uploads\/2024\/12\/banana4lu_sacaksiz_antresit03-600x600.jpeg 600w, https:\/\/www.bbkaglobal.com\/wp-content\/uploads\/2024\/12\/banana4lu_sacaksiz_antresit03-100x100.jpeg 100w\" sizes=\"auto, (max-width: 300px) 100vw, 300px\" title=\"banana4lu_sacaks\u0131z_antresit03\" \/>\t\t\t<\/a>\n\t\t<\/div>\n\t\t<div class=\"product-entry\">\n\t\t\t<h4 class=\"product-title\">\n\t\t\t\t<a href=\"https:\/\/www.bbkaglobal.com\/index.php\/urun\/quadro-umbrella\/\">\n\t\t\t\t\tQuadro Umbrella\t\t\t\t<\/a>\n\t\t\t<\/h4>\t\t\n\t\t\t\n\t\t<\/div>\n\n\t<a href=\"https:\/\/www.bbkaglobal.com\/index.php\/urun\/quadro-umbrella\/\" data-quantity=\"1\" class=\"button btn btn-line button product_type_simple\" data-product_id=\"2258\" data-product_sku=\"\" aria-label=\"&ldquo;Quadro Umbrella&rdquo; hakk\u0131nda daha fazla bilgi edinin\" rel=\"nofollow\" data-success_message=\"\">Devam\u0131n\u0131 oku<\/a> \n<\/div><\/div>\n<\/div>[\/vc_column][\/vc_row]<\/p>\n<\/div>","protected":false},"excerpt":{"rendered":"<p>[vc_row][vc_column][\/vc_column][\/vc_row]<\/p>\n","protected":false},"author":1,"featured_media":0,"parent":0,"menu_order":0,"comment_status":"closed","ping_status":"closed","template":"page-templates\/template-fullwidth.php","meta":{"footnotes":""},"class_list":["post-2223","page","type-page","status-publish","hentry"],"_links":{"self":[{"href":"https:\/\/www.bbkaglobal.com\/index.php\/wp-json\/wp\/v2\/pages\/2223","targetHints":{"allow":["GET"]}}],"collection":[{"href":"https:\/\/www.bbkaglobal.com\/index.php\/wp-json\/wp\/v2\/pages"}],"about":[{"href":"https:\/\/www.bbkaglobal.com\/index.php\/wp-json\/wp\/v2\/types\/page"}],"author":[{"embeddable":true,"href":"https:\/\/www.bbkaglobal.com\/index.php\/wp-json\/wp\/v2\/users\/1"}],"replies":[{"embeddable":true,"href":"https:\/\/www.bbkaglobal.com\/index.php\/wp-json\/wp\/v2\/comments?post=2223"}],"version-history":[{"count":3,"href":"https:\/\/www.bbkaglobal.com\/index.php\/wp-json\/wp\/v2\/pages\/2223\/revisions"}],"predecessor-version":[{"id":2228,"href":"https:\/\/www.bbkaglobal.com\/index.php\/wp-json\/wp\/v2\/pages\/2223\/revisions\/2228"}],"wp:attachment":[{"href":"https:\/\/www.bbkaglobal.com\/index.php\/wp-json\/wp\/v2\/media?parent=2223"}],"curies":[{"name":"wp","href":"https:\/\/api.w.org\/{rel}","templated":true}]}}